{"id":980,"date":"2024-06-13T06:25:11","date_gmt":"2024-06-13T06:25:11","guid":{"rendered":"https:\/\/amianaresort.com\/?page_id=980"},"modified":"2025-10-28T17:08:12","modified_gmt":"2025-10-28T10:08:12","slug":"contact","status":"publish","type":"page","link":"https:\/\/amianaresort.com\/vi\/contact\/","title":{"rendered":"Li\u00ean H\u1ec7"},"content":{"rendered":"<p>Ch\u00fang t\u00f4i lu\u00f4n s\u1eb5n s\u00e0ng tr\u1ea3 l\u1eddi nh\u1eefng c\u00e2u h\u1ecfi v\u1ec1 Amiana Resort \u0111\u1ec3 gi\u00fap qu\u00e1 tr\u00ecnh \u0111\u1eb7t ph\u00f2ng c\u1ee7a b\u1ea1n \u0111\u01b0\u1ee3c di\u1ec5n ra thu\u1eadn l\u1ee3i h\u01a1n. R\u1ea5t mong nh\u1eadn \u0111\u01b0\u1ee3c c\u00e2u h\u1ecfi t\u1eeb b\u1ea1n.<\/p>","protected":false},"excerpt":{"rendered":"<p>Ch\u00fang t\u00f4i lu\u00f4n s\u1eb5n s\u00e0ng tr\u1ea3 l\u1eddi nh\u1eefng c\u00e2u h\u1ecfi v\u1ec1 Amiana Resort \u0111\u1ec3 gi\u00fap qu\u00e1 tr\u00ecnh \u0111\u1eb7t ph\u00f2ng c\u1ee7a b\u1ea1n \u0111\u01b0\u1ee3c di\u1ec5n ra thu\u1eadn l\u1ee3i h\u01a1n. R\u1ea5t mong nh\u1eadn \u0111\u01b0\u1ee3c c\u00e2u h\u1ecfi t\u1eeb b\u1ea1n.<\/p>\n","protected":false},"author":1,"featured_media":0,"parent":0,"menu_order":0,"comment_status":"closed","ping_status":"closed","template":"","meta":{"footnotes":""},"class_list":["post-980","page","type-page","status-publish","hentry"],"_links":{"self":[{"href":"https:\/\/amianaresort.com\/vi\/wp-json\/wp\/v2\/pages\/980","targetHints":{"allow":["GET"]}}],"collection":[{"href":"https:\/\/amianaresort.com\/vi\/wp-json\/wp\/v2\/pages"}],"about":[{"href":"https:\/\/amianaresort.com\/vi\/wp-json\/wp\/v2\/types\/page"}],"author":[{"embeddable":true,"href":"https:\/\/amianaresort.com\/vi\/wp-json\/wp\/v2\/users\/1"}],"replies":[{"embeddable":true,"href":"https:\/\/amianaresort.com\/vi\/wp-json\/wp\/v2\/comments?post=980"}],"version-history":[{"count":7,"href":"https:\/\/amianaresort.com\/vi\/wp-json\/wp\/v2\/pages\/980\/revisions"}],"predecessor-version":[{"id":1960,"href":"https:\/\/amianaresort.com\/vi\/wp-json\/wp\/v2\/pages\/980\/revisions\/1960"}],"wp:attachment":[{"href":"https:\/\/amianaresort.com\/vi\/wp-json\/wp\/v2\/media?parent=980"}],"curies":[{"name":"wp","href":"https:\/\/api.w.org\/{rel}","templated":true}]}}