{"id":878,"date":"2024-06-12T12:54:51","date_gmt":"2024-06-12T12:54:51","guid":{"rendered":"https:\/\/amianaresort.com\/?page_id=878"},"modified":"2026-01-19T15:03:30","modified_gmt":"2026-01-19T08:03:30","slug":"facilities","status":"publish","type":"page","link":"https:\/\/amianaresort.com\/vi\/facilities\/","title":{"rendered":"Ti\u1ec7n Nghi"},"content":{"rendered":"<p>Ch\u00fang t\u00f4i tin r\u1eb1ng chu\u1ea9n m\u1ef1c c\u1ee7a s\u1ef1 tho\u1ea3i m\u00e1i n\u1eb1m \u1edf nh\u1eefng ti\u1ec7n nghi \u0111\u01b0\u1ee3c tuy\u1ec3n ch\u1ecdn tinh t\u1ebf v\u00e0 v\u1eadn h\u00e0nh b\u1eb1ng s\u1ef1 th\u1ea5u hi\u1ec3u. T\u1ea1i Amiana, m\u1ed7i kh\u00f4ng gian v\u00e0 chi ti\u1ebft \u0111\u1ec1u \u0111\u01b0\u1ee3c ch\u0103m ch\u00fat nh\u1eb1m mang \u0111\u1ebfn m\u1ed9t k\u1ef3 ngh\u1ec9 tr\u1ecdn v\u1eb9n tr\u1edf th\u00e0nh tr\u1ea3i nghi\u1ec7m ngh\u1ec9 d\u01b0\u1ee1ng gi\u00e0u c\u1ea3m x\u00fac v\u00e0 kh\u00f3 qu\u00ean.<\/p>","protected":false},"excerpt":{"rendered":"<p>Ch\u00fang t\u00f4i tin r\u1eb1ng chu\u1ea9n m\u1ef1c c\u1ee7a s\u1ef1 tho\u1ea3i m\u00e1i n\u1eb1m \u1edf nh\u1eefng ti\u1ec7n nghi \u0111\u01b0\u1ee3c tuy\u1ec3n ch\u1ecdn tinh t\u1ebf v\u00e0 v\u1eadn h\u00e0nh b\u1eb1ng s\u1ef1 th\u1ea5u hi\u1ec3u. T\u1ea1i Amiana, m\u1ed7i kh\u00f4ng gian v\u00e0 chi ti\u1ebft \u0111\u1ec1u \u0111\u01b0\u1ee3c ch\u0103m ch\u00fat nh\u1eb1m mang \u0111\u1ebfn m\u1ed9t k\u1ef3 ngh\u1ec9 tr\u1ecdn v\u1eb9n tr\u1edf th\u00e0nh tr\u1ea3i nghi\u1ec7m ngh\u1ec9 d\u01b0\u1ee1ng gi\u00e0u c\u1ea3m [&hellip;]<\/p>\n","protected":false},"author":1,"featured_media":0,"parent":0,"menu_order":0,"comment_status":"closed","ping_status":"closed","template":"","meta":{"footnotes":""},"class_list":["post-878","page","type-page","status-publish","hentry"],"_links":{"self":[{"href":"https:\/\/amianaresort.com\/vi\/wp-json\/wp\/v2\/pages\/878","targetHints":{"allow":["GET"]}}],"collection":[{"href":"https:\/\/amianaresort.com\/vi\/wp-json\/wp\/v2\/pages"}],"about":[{"href":"https:\/\/amianaresort.com\/vi\/wp-json\/wp\/v2\/types\/page"}],"author":[{"embeddable":true,"href":"https:\/\/amianaresort.com\/vi\/wp-json\/wp\/v2\/users\/1"}],"replies":[{"embeddable":true,"href":"https:\/\/amianaresort.com\/vi\/wp-json\/wp\/v2\/comments?post=878"}],"version-history":[{"count":16,"href":"https:\/\/amianaresort.com\/vi\/wp-json\/wp\/v2\/pages\/878\/revisions"}],"predecessor-version":[{"id":2076,"href":"https:\/\/amianaresort.com\/vi\/wp-json\/wp\/v2\/pages\/878\/revisions\/2076"}],"wp:attachment":[{"href":"https:\/\/amianaresort.com\/vi\/wp-json\/wp\/v2\/media?parent=878"}],"curies":[{"name":"wp","href":"https:\/\/api.w.org\/{rel}","templated":true}]}}