{"id":849,"date":"2024-06-12T12:39:20","date_gmt":"2024-06-12T12:39:20","guid":{"rendered":"https:\/\/amianaresort.com\/?page_id=849"},"modified":"2026-01-19T14:56:36","modified_gmt":"2026-01-19T07:56:36","slug":"spa","status":"publish","type":"page","link":"https:\/\/amianaresort.com\/vi\/spa\/","title":{"rendered":"Spa &#038; T\u1eafm B\u00f9n"},"content":{"rendered":"<p><\/p>\n<p style=\"text-align: center;\"><strong>T\u0128NH T\u1ea0I T\u00c2M TR\u00cd, PH\u1ee4C H\u1ed2I TH\u00c2N T\u00c2M<\/strong><br \/>\nM\u1ed7i li\u1ec7u tr\u00ecnh spa v\u00e0 t\u1eafm b\u00f9n l\u00e0 m\u1ed9t h\u00e0nh tr\u00ecnh ch\u0103m s\u00f3c th\u00e2n t\u00e2m, n\u01a1i c\u00e1c li\u1ec7u ph\u00e1p truy\u1ec1n th\u1ed1ng giao thoa c\u00f9ng tinh hoa tr\u1ecb li\u1ec7u \u00c1-\u00c2u hi\u1ec7n \u0111\u1ea1i. B\u1eb1ng vi\u1ec7c ch\u1eaft l\u1ecdc nh\u1eefng gi\u00e1 tr\u1ecb b\u1ea3n \u0111\u1ecba thu\u1ea7n khi\u1ebft, ch\u00fang t\u00f4i mang \u0111\u1ebfn s\u1ef1 tr\u1ebb h\u00f3a s\u00e2u s\u1eafc \u0111\u00e1nh th\u1ee9c m\u1ecdi gi\u00e1c quan. Trong kh\u00f4ng gian m\u1edf t\u0129nh l\u1eb7ng, h\u00e3y \u0111\u1ec3 c\u01a1 th\u1ec3 b\u1ea1n \u0111\u01b0\u1ee3c v\u1ed7 v\u1ec1, t\u00e2m tr\u00ed \u0111\u01b0\u1ee3c th\u1ea3 l\u1ecfng v\u00e0 n\u0103ng l\u01b0\u1ee3ng s\u1ed1ng \u0111\u01b0\u1ee3c t\u00e1i t\u1ea1o m\u1ed9t c\u00e1ch tr\u1ecdn v\u1eb9n nh\u1ea5t.<\/p>\n<p><\/p>","protected":false},"excerpt":{"rendered":"<p>T\u0128NH T\u1ea0I T\u00c2M TR\u00cd, PH\u1ee4C H\u1ed2I TH\u00c2N T\u00c2M M\u1ed7i li\u1ec7u tr\u00ecnh spa v\u00e0 t\u1eafm b\u00f9n l\u00e0 m\u1ed9t h\u00e0nh tr\u00ecnh ch\u0103m s\u00f3c th\u00e2n t\u00e2m, n\u01a1i c\u00e1c li\u1ec7u ph\u00e1p truy\u1ec1n th\u1ed1ng giao thoa c\u00f9ng tinh hoa tr\u1ecb li\u1ec7u \u00c1-\u00c2u hi\u1ec7n \u0111\u1ea1i. B\u1eb1ng vi\u1ec7c ch\u1eaft l\u1ecdc nh\u1eefng gi\u00e1 tr\u1ecb b\u1ea3n \u0111\u1ecba thu\u1ea7n khi\u1ebft, ch\u00fang t\u00f4i mang \u0111\u1ebfn s\u1ef1 [&hellip;]<\/p>\n","protected":false},"author":1,"featured_media":0,"parent":0,"menu_order":0,"comment_status":"closed","ping_status":"closed","template":"","meta":{"footnotes":""},"class_list":["post-849","page","type-page","status-publish","hentry"],"_links":{"self":[{"href":"https:\/\/amianaresort.com\/vi\/wp-json\/wp\/v2\/pages\/849","targetHints":{"allow":["GET"]}}],"collection":[{"href":"https:\/\/amianaresort.com\/vi\/wp-json\/wp\/v2\/pages"}],"about":[{"href":"https:\/\/amianaresort.com\/vi\/wp-json\/wp\/v2\/types\/page"}],"author":[{"embeddable":true,"href":"https:\/\/amianaresort.com\/vi\/wp-json\/wp\/v2\/users\/1"}],"replies":[{"embeddable":true,"href":"https:\/\/amianaresort.com\/vi\/wp-json\/wp\/v2\/comments?post=849"}],"version-history":[{"count":15,"href":"https:\/\/amianaresort.com\/vi\/wp-json\/wp\/v2\/pages\/849\/revisions"}],"predecessor-version":[{"id":2071,"href":"https:\/\/amianaresort.com\/vi\/wp-json\/wp\/v2\/pages\/849\/revisions\/2071"}],"wp:attachment":[{"href":"https:\/\/amianaresort.com\/vi\/wp-json\/wp\/v2\/media?parent=849"}],"curies":[{"name":"wp","href":"https:\/\/api.w.org\/{rel}","templated":true}]}}