{"id":793,"date":"2024-06-12T08:58:28","date_gmt":"2024-06-12T08:58:28","guid":{"rendered":"https:\/\/amianaresort.com\/?page_id=793"},"modified":"2026-01-19T14:49:29","modified_gmt":"2026-01-19T07:49:29","slug":"weddings-events","status":"publish","type":"page","link":"https:\/\/amianaresort.com\/vi\/weddings-events\/","title":{"rendered":"Nh\u00e0 H\u00e0ng, Ti\u1ec7c C\u01b0\u1edbi &#038; S\u1ef1 Ki\u1ec7n"},"content":{"rendered":"<p>H\u00e0nh tr\u00ecnh l\u01b0u tr\u00fa t\u1ea1i Amiana Resort \u0111\u01b0\u1ee3c n\u00e2ng t\u1ea7m b\u1edfi tr\u1ea3i nghi\u1ec7m \u1ea9m th\u1ef1c tinh t\u1ebf c\u00f9ng d\u1ecbch v\u1ee5 h\u1ed9i ngh\u1ecb \u0111\u1eb3ng c\u1ea5p trong kh\u00f4ng gian ven bi\u1ec3n tuy\u1ec7t \u0111\u1eb9p.<\/p>\n<p>Kh\u00f4ng ch\u1ec9 l\u00e0 \u0111i\u1ec3m \u0111\u1ebfn ngh\u1ec9 d\u01b0\u1ee1ng, Khu ngh\u1ec9 d\u01b0\u1ee1ng c\u00f2n m\u1edf ra thi\u00ean \u0111\u01b0\u1eddng l\u00e3ng m\u1ea1n cho nh\u1eefng ti\u1ec7c c\u01b0\u1edbi trong m\u01a1\u2014n\u01a1i t\u00ecnh y\u00eau th\u0103ng hoa gi\u1eefa ti\u1ebfng s\u00f3ng v\u1ed7 d\u1ecbu \u00eam v\u00e0 \u00e1nh ho\u00e0ng h\u00f4n r\u1ef1c r\u1ee1. H\u00e3y \u0111\u1ec3 Amiana \u0111\u1ed3ng h\u00e0nh c\u00f9ng b\u1ea1n trong vi\u1ec7c hi\u1ec7n th\u1ef1c h\u00f3a m\u1ecdi kho\u1ea3nh kh\u1eafc v\u00e0 d\u1ef1 \u0111\u1ecbnh \u00fd ngh\u0129a, gi\u1eefa v\u1ebb \u0111\u1eb9p thanh b\u00ecnh v\u00e0 kho\u00e1ng \u0111\u1ea1t c\u1ee7a bi\u1ec3n tr\u1eddi Kh\u00e1nh H\u00f2a.<\/p>","protected":false},"excerpt":{"rendered":"<p>H\u00e0nh tr\u00ecnh l\u01b0u tr\u00fa t\u1ea1i Amiana Resort \u0111\u01b0\u1ee3c n\u00e2ng t\u1ea7m b\u1edfi tr\u1ea3i nghi\u1ec7m \u1ea9m th\u1ef1c tinh t\u1ebf c\u00f9ng d\u1ecbch v\u1ee5 h\u1ed9i ngh\u1ecb \u0111\u1eb3ng c\u1ea5p trong kh\u00f4ng gian ven bi\u1ec3n tuy\u1ec7t \u0111\u1eb9p. Kh\u00f4ng ch\u1ec9 l\u00e0 \u0111i\u1ec3m \u0111\u1ebfn ngh\u1ec9 d\u01b0\u1ee1ng, Khu ngh\u1ec9 d\u01b0\u1ee1ng c\u00f2n m\u1edf ra thi\u00ean \u0111\u01b0\u1eddng l\u00e3ng m\u1ea1n cho nh\u1eefng ti\u1ec7c c\u01b0\u1edbi trong m\u01a1\u2014n\u01a1i t\u00ecnh [&hellip;]<\/p>\n","protected":false},"author":1,"featured_media":0,"parent":0,"menu_order":0,"comment_status":"closed","ping_status":"closed","template":"","meta":{"footnotes":""},"class_list":["post-793","page","type-page","status-publish","hentry"],"_links":{"self":[{"href":"https:\/\/amianaresort.com\/vi\/wp-json\/wp\/v2\/pages\/793","targetHints":{"allow":["GET"]}}],"collection":[{"href":"https:\/\/amianaresort.com\/vi\/wp-json\/wp\/v2\/pages"}],"about":[{"href":"https:\/\/amianaresort.com\/vi\/wp-json\/wp\/v2\/types\/page"}],"author":[{"embeddable":true,"href":"https:\/\/amianaresort.com\/vi\/wp-json\/wp\/v2\/users\/1"}],"replies":[{"embeddable":true,"href":"https:\/\/amianaresort.com\/vi\/wp-json\/wp\/v2\/comments?post=793"}],"version-history":[{"count":21,"href":"https:\/\/amianaresort.com\/vi\/wp-json\/wp\/v2\/pages\/793\/revisions"}],"predecessor-version":[{"id":2067,"href":"https:\/\/amianaresort.com\/vi\/wp-json\/wp\/v2\/pages\/793\/revisions\/2067"}],"wp:attachment":[{"href":"https:\/\/amianaresort.com\/vi\/wp-json\/wp\/v2\/media?parent=793"}],"curies":[{"name":"wp","href":"https:\/\/api.w.org\/{rel}","templated":true}]}}