{"id":770,"date":"2024-06-12T08:10:28","date_gmt":"2024-06-12T08:10:28","guid":{"rendered":"https:\/\/amianaresort.com\/?page_id=770"},"modified":"2025-03-29T10:38:52","modified_gmt":"2025-03-29T03:38:52","slug":"dining","status":"publish","type":"page","link":"https:\/\/amianaresort.com\/vi\/dining\/","title":{"rendered":"Nh\u00e0 H\u00e0ng"},"content":{"rendered":"<p>T\u1ea1i Amiana Resort, ch\u00fang t\u00f4i quan t\u00e2m \u0111\u1ebfn t\u1eebng b\u1eefa \u0103n c\u1ee7a qu\u00fd kh\u00e1ch. M\u1ed7i s\u1ef1 m\u00f3n \u0103n \u0111\u1ec1u \u0111\u01b0\u1ee3c tuy\u1ec3n ch\u1ecdn k\u1ef9 l\u01b0\u1ee1ng \u0111\u1ec3 \u0111\u00e1p \u1ee9ng \u0111\u01b0\u1ee3c nhu c\u1ea7u c\u1ee7a th\u1ef1c kh\u00e1ch. Nh\u00e0 h\u00e0ng Barcaro ph\u1ee5c v\u1ee5 c\u1ea3 ng\u00e0y v\u1edbi th\u1ef1c \u0111\u01a1n \u0111a d\u1ea1ng b\u00ean c\u1ea1nh Lobby bar chuy\u00ean ph\u1ee5c v\u1ee5 c\u00e1c lo\u1ea1i cocktail ngon tuy\u1ec7t. Qu\u1ea7y bar t\u1ea1i h\u1ed3 b\u01a1i l\u00e0 \u0111\u1ecba \u0111i\u1ec3m l\u00fd t\u01b0\u1edfng \u0111\u1ec3 t\u1eadn h\u01b0\u1edfng ng\u00e0y \u00eam \u1ea3 gi\u1eefa l\u00e0n n\u01b0\u1edbc xanh trong tr\u01b0\u1edbc khi th\u01b0\u1edfng th\u1ee9c b\u1eefa t\u1ed1i ngon l\u00e0nh c\u00f9ng nh\u1eefng ng\u01b0\u1eddi th\u00e2n y\u00eau.<\/p>\n<p><strong>Xem chi ti\u1ebft Menu \u00c0 La Carte t\u1ea1i Nh\u00e0 H\u00e0ng Bacaro<\/strong>: <a href=\"https:\/\/amianaresort.com\/wp-content\/uploads\/2024\/10\/Amiana-A-La-Carte-Menu-2024.pdf\" data-barba-prevent=\"self\"><span style=\"color: #0000ff;\"><strong>T\u1ea0I \u0110\u00c2Y<\/strong><\/span><\/a><\/p>","protected":false},"excerpt":{"rendered":"<p>T\u1ea1i Amiana Resort, ch\u00fang t\u00f4i quan t\u00e2m \u0111\u1ebfn t\u1eebng b\u1eefa \u0103n c\u1ee7a qu\u00fd kh\u00e1ch. M\u1ed7i s\u1ef1 m\u00f3n \u0103n \u0111\u1ec1u \u0111\u01b0\u1ee3c tuy\u1ec3n ch\u1ecdn k\u1ef9 l\u01b0\u1ee1ng \u0111\u1ec3 \u0111\u00e1p \u1ee9ng \u0111\u01b0\u1ee3c nhu c\u1ea7u c\u1ee7a th\u1ef1c kh\u00e1ch. Nh\u00e0 h\u00e0ng Barcaro ph\u1ee5c v\u1ee5 c\u1ea3 ng\u00e0y v\u1edbi th\u1ef1c \u0111\u01a1n \u0111a d\u1ea1ng b\u00ean c\u1ea1nh Lobby bar chuy\u00ean ph\u1ee5c v\u1ee5 c\u00e1c lo\u1ea1i cocktail [&hellip;]<\/p>\n","protected":false},"author":1,"featured_media":0,"parent":0,"menu_order":0,"comment_status":"closed","ping_status":"closed","template":"","meta":{"footnotes":""},"class_list":["post-770","page","type-page","status-publish","hentry"],"_links":{"self":[{"href":"https:\/\/amianaresort.com\/vi\/wp-json\/wp\/v2\/pages\/770","targetHints":{"allow":["GET"]}}],"collection":[{"href":"https:\/\/amianaresort.com\/vi\/wp-json\/wp\/v2\/pages"}],"about":[{"href":"https:\/\/amianaresort.com\/vi\/wp-json\/wp\/v2\/types\/page"}],"author":[{"embeddable":true,"href":"https:\/\/amianaresort.com\/vi\/wp-json\/wp\/v2\/users\/1"}],"replies":[{"embeddable":true,"href":"https:\/\/amianaresort.com\/vi\/wp-json\/wp\/v2\/comments?post=770"}],"version-history":[{"count":17,"href":"https:\/\/amianaresort.com\/vi\/wp-json\/wp\/v2\/pages\/770\/revisions"}],"predecessor-version":[{"id":1624,"href":"https:\/\/amianaresort.com\/vi\/wp-json\/wp\/v2\/pages\/770\/revisions\/1624"}],"wp:attachment":[{"href":"https:\/\/amianaresort.com\/vi\/wp-json\/wp\/v2\/media?parent=770"}],"curies":[{"name":"wp","href":"https:\/\/api.w.org\/{rel}","templated":true}]}}