{"id":487,"date":"2024-06-07T08:18:26","date_gmt":"2024-06-07T08:18:26","guid":{"rendered":"https:\/\/amianaresort.com\/?page_id=487"},"modified":"2026-03-24T15:06:09","modified_gmt":"2026-03-24T08:06:09","slug":"about","status":"publish","type":"page","link":"https:\/\/amianaresort.com\/vi\/about\/","title":{"rendered":"Gi\u1edbi Thi\u1ec7u"},"content":{"rendered":"<p>Amiana Resort t\u1ef1 h\u00e0o l\u00e0 \u0111i\u1ec3m \u0111\u1ebfn sang tr\u1ecdng, n\u01a1i giao h\u00f2a gi\u1eefa tr\u1ea3i nghi\u1ec7m ngh\u1ec9 d\u01b0\u1ee1ng \u0111\u1eb3ng c\u1ea5p v\u00e0 l\u00f2ng hi\u1ebfu kh\u00e1ch n\u1ed3ng h\u1eadu. T\u1ea1i \u0111\u00e2y, m\u1ed7i kho\u1ea3nh kh\u1eafc \u0111\u1ec1u l\u00e0 s\u1ef1 k\u1ebft n\u1ed1i tinh t\u1ebf gi\u1eefa con ng\u01b0\u1eddi v\u00e0 thi\u00ean nhi\u00ean y\u00ean b\u00ecnh.<\/p>\n<p>C\u00e1ch trung t\u00e2m th\u00e0nh ph\u1ed1 10 ph\u00fat l\u00e1i xe, Amiana Resort Nha Trang hi\u1ec7n ra nh\u01b0 thi\u00ean \u0111\u01b0\u1eddng ngh\u1ec9 d\u01b0\u1ee1ng b\u00ecnh y\u00ean n\u00e9p m\u00ecnh b\u00ean v\u1ecbnh bi\u1ec3n nguy\u00ean s\u01a1. V\u1edbi \u0111\u01b0\u1eddng b\u1edd bi\u1ec3n d\u00e0i h\u01a1n 1.000m u\u1ed1n l\u01b0\u1ee3n d\u1ecdc theo V\u1ecbnh Nha Trang y\u00ean b\u00ecnh, n\u01a1i \u0111\u00e2y s\u1edf h\u1eefu \u0111\u1ecba th\u1ebf &#8220;t\u1ef1a s\u01a1n h\u01b0\u1edbng th\u1ee7y&#8221; th\u01a1 m\u1ed9ng. Ch\u00ednh s\u1ef1 \u01b0u \u00e1i c\u1ee7a t\u1ea1o h\u00f3a c\u00f9ng d\u1ecbch v\u1ee5 t\u1eadn t\u00e2m \u0111\u00e3 gi\u00fap Amiana Nha Trang tr\u1edf th\u00e0nh \u0111i\u1ec3m \u0111\u1ebfn bi\u1ec3u t\u01b0\u1ee3ng trong l\u00f2ng du kh\u00e1ch.<\/p>\n<p>Ti\u1ebfp n\u1ed1i h\u00e0nh tr\u00ecnh ki\u1ebfn t\u1ea1o nh\u1eefng gi\u00e1 tr\u1ecb b\u1ea3n \u0111\u1ecba s\u00e2u s\u1eafc, t\u1ea1i Amiana Resort Cam Ranh tri\u1ebft l\u00fd \u1ea5y ti\u1ebfp t\u1ee5c \u0111\u01b0\u1ee3c lan t\u1ecfa gi\u1eefa B\u00e3i D\u00e0i nguy\u00ean s\u01a1. M\u1ed7i c\u0103n bi\u1ec7t th\u1ef1 l\u00e0 m\u1ed9t tuy\u1ec7t t\u00e1c kh\u00f4ng gian m\u1edf, n\u01a1i s\u1ef1 ri\u00eang t\u01b0 h\u00f2a v\u00e0o nh\u1ecbp th\u1edf \u0111\u1ea1i d\u01b0\u01a1ng v\u00e0 v\u1ebb \u0111\u1eb9p b\u1ea3n \u0111\u1ecba c\u00f9ng hi\u1ec7n h\u1eefu, mang \u0111\u1ebfn ch\u1ed1n d\u1eebng ch\u00e2n l\u00fd t\u01b0\u1edfng cho nh\u1eefng t\u00e2m h\u1ed3n t\u00ecm ki\u1ebfm s\u1ef1 an y\u00ean v\u00e0 t\u00e1i t\u1ea1o.<\/p>\n<p>H\u00e3y \u0111\u1ebfn v\u00e0 \u0111\u1ec3 ch\u00fang t\u00f4i k\u1ec3 cho b\u1ea1n nghe c\u00e2u chuy\u1ec7n v\u1ec1 m\u1ed9t thi\u00ean \u0111\u01b0\u1eddng d\u00e0nh ri\u00eang cho ch\u00ednh b\u1ea1n!<\/p>","protected":false},"excerpt":{"rendered":"<p>Amiana Resort t\u1ef1 h\u00e0o l\u00e0 \u0111i\u1ec3m \u0111\u1ebfn sang tr\u1ecdng, n\u01a1i giao h\u00f2a gi\u1eefa tr\u1ea3i nghi\u1ec7m ngh\u1ec9 d\u01b0\u1ee1ng \u0111\u1eb3ng c\u1ea5p v\u00e0 l\u00f2ng hi\u1ebfu kh\u00e1ch n\u1ed3ng h\u1eadu. T\u1ea1i \u0111\u00e2y, m\u1ed7i kho\u1ea3nh kh\u1eafc \u0111\u1ec1u l\u00e0 s\u1ef1 k\u1ebft n\u1ed1i tinh t\u1ebf gi\u1eefa con ng\u01b0\u1eddi v\u00e0 thi\u00ean nhi\u00ean y\u00ean b\u00ecnh. C\u00e1ch trung t\u00e2m th\u00e0nh ph\u1ed1 10 ph\u00fat l\u00e1i xe, Amiana [&hellip;]<\/p>\n","protected":false},"author":1,"featured_media":0,"parent":0,"menu_order":0,"comment_status":"closed","ping_status":"closed","template":"","meta":{"footnotes":""},"class_list":["post-487","page","type-page","status-publish","hentry"],"_links":{"self":[{"href":"https:\/\/amianaresort.com\/vi\/wp-json\/wp\/v2\/pages\/487","targetHints":{"allow":["GET"]}}],"collection":[{"href":"https:\/\/amianaresort.com\/vi\/wp-json\/wp\/v2\/pages"}],"about":[{"href":"https:\/\/amianaresort.com\/vi\/wp-json\/wp\/v2\/types\/page"}],"author":[{"embeddable":true,"href":"https:\/\/amianaresort.com\/vi\/wp-json\/wp\/v2\/users\/1"}],"replies":[{"embeddable":true,"href":"https:\/\/amianaresort.com\/vi\/wp-json\/wp\/v2\/comments?post=487"}],"version-history":[{"count":23,"href":"https:\/\/amianaresort.com\/vi\/wp-json\/wp\/v2\/pages\/487\/revisions"}],"predecessor-version":[{"id":2388,"href":"https:\/\/amianaresort.com\/vi\/wp-json\/wp\/v2\/pages\/487\/revisions\/2388"}],"wp:attachment":[{"href":"https:\/\/amianaresort.com\/vi\/wp-json\/wp\/v2\/media?parent=487"}],"curies":[{"name":"wp","href":"https:\/\/api.w.org\/{rel}","templated":true}]}}