{"id":878,"date":"2024-06-12T12:54:51","date_gmt":"2024-06-12T12:54:51","guid":{"rendered":"https:\/\/amianaresort.com\/?page_id=878"},"modified":"2026-03-13T14:31:19","modified_gmt":"2026-03-13T07:31:19","slug":"facilities","status":"publish","type":"page","link":"https:\/\/amianaresort.com\/amianaresortnhatrang\/vi\/facilities\/","title":{"rendered":"Ti\u1ec7n Nghi"},"content":{"rendered":"<p>Khu ngh\u1ec9 d\u01b0\u1ee1ng Amiana c\u00f3 \u0111\u1ea7y \u0111\u1ee7 c\u00e1c ti\u1ec7n nghi \u0111\u1ec3 ph\u1ee5c v\u1ee5 cho s\u1ef1 tho\u1ea3i m\u00e1i c\u1ee7a kh\u00e1ch.<\/p>\n<ul>\n<li>Nh\u00e0 h\u00e0ng Bacaro<\/li>\n<li>Qu\u1ea7y bar h\u1ed3 b\u01a1i<\/li>\n<li>Qu\u1ea7y bar Lagoon<\/li>\n<li>Qu\u1ea7y bar ti\u1ec1n s\u1ea3nh<\/li>\n<li>Qu\u1ea7y bar Ocean<\/li>\n<li>D\u1ecbch v\u1ee5 t\u1ea1i ph\u00f2ng<\/li>\n<li>Tr\u1ea3i nghi\u1ec7m \u1ea9m th\u1ef1c \u0111i\u1ec3m \u0111\u1ebfn<\/li>\n<li>Amiana Spa &amp; T\u1eafm b\u00f9n<\/li>\n<li>C\u1eeda h\u00e0ng ti\u1ec7n l\u1ee3i Amiana<\/li>\n<li>Th\u01b0 vi\u1ec7n<\/li>\n<li>Trung t\u00e2m gi\u1ea3i tr\u00ed<\/li>\n<li>Ph\u00f2ng t\u1eadp th\u1ec3 h\u00ecnh<\/li>\n<li>C\u00e2u l\u1ea1c b\u1ed9 tr\u1ebb em Ch\u00fa R\u00f9a Nh\u1ecf<\/li>\n<li>Trung t\u00e2m th\u1ec3 thao d\u01b0\u1edbi n\u01b0\u1edbc (b\u01a1i ng\u1eafm san h\u00f4 t\u1ea1i b\u00e3i bi\u1ec3n, c\u00e2u c\u00e1,&#8230;)<\/li>\n<li>Ph\u00f2ng y t\u1ebf<\/li>\n<li>C\u00e1c d\u1ecbch v\u1ee5 tour<\/li>\n<li>D\u1ecbch v\u1ee5 v\u1eadn chuy\u1ec3n v\u00e0o trung t\u00e2m th\u00e0nh ph\u1ed1 b\u1eb1ng xe shuttle mi\u1ec5n ph\u00ed t\u00f9y theo t\u00ecnh tr\u1ea1ng s\u1eb5n c\u00f3<\/li>\n<li>D\u1ecbch v\u1ee5 \u0111\u00f3n ti\u1ec5n s\u00e2n bay theo y\u00eau c\u1ea7u<\/li>\n<\/ul>\n<p><\/p>","protected":false},"excerpt":{"rendered":"<p>Khu ngh\u1ec9 d\u01b0\u1ee1ng Amiana c\u00f3 \u0111\u1ea7y \u0111\u1ee7 c\u00e1c ti\u1ec7n nghi \u0111\u1ec3 ph\u1ee5c v\u1ee5 cho s\u1ef1 tho\u1ea3i m\u00e1i c\u1ee7a kh\u00e1ch. Nh\u00e0 h\u00e0ng Bacaro Qu\u1ea7y bar h\u1ed3 b\u01a1i Qu\u1ea7y bar Lagoon Qu\u1ea7y bar ti\u1ec1n s\u1ea3nh Qu\u1ea7y bar Ocean D\u1ecbch v\u1ee5 t\u1ea1i ph\u00f2ng Tr\u1ea3i nghi\u1ec7m \u1ea9m th\u1ef1c \u0111i\u1ec3m \u0111\u1ebfn Amiana Spa &amp; T\u1eafm b\u00f9n C\u1eeda h\u00e0ng ti\u1ec7n l\u1ee3i [&hellip;]<\/p>\n","protected":false},"author":1,"featured_media":0,"parent":0,"menu_order":0,"comment_status":"closed","ping_status":"closed","template":"","meta":{"footnotes":""},"class_list":["post-878","page","type-page","status-publish","hentry"],"_links":{"self":[{"href":"https:\/\/amianaresort.com\/amianaresortnhatrang\/vi\/wp-json\/wp\/v2\/pages\/878","targetHints":{"allow":["GET"]}}],"collection":[{"href":"https:\/\/amianaresort.com\/amianaresortnhatrang\/vi\/wp-json\/wp\/v2\/pages"}],"about":[{"href":"https:\/\/amianaresort.com\/amianaresortnhatrang\/vi\/wp-json\/wp\/v2\/types\/page"}],"author":[{"embeddable":true,"href":"https:\/\/amianaresort.com\/amianaresortnhatrang\/vi\/wp-json\/wp\/v2\/users\/1"}],"replies":[{"embeddable":true,"href":"https:\/\/amianaresort.com\/amianaresortnhatrang\/vi\/wp-json\/wp\/v2\/comments?post=878"}],"version-history":[{"count":11,"href":"https:\/\/amianaresort.com\/amianaresortnhatrang\/vi\/wp-json\/wp\/v2\/pages\/878\/revisions"}],"predecessor-version":[{"id":2068,"href":"https:\/\/amianaresort.com\/amianaresortnhatrang\/vi\/wp-json\/wp\/v2\/pages\/878\/revisions\/2068"}],"wp:attachment":[{"href":"https:\/\/amianaresort.com\/amianaresortnhatrang\/vi\/wp-json\/wp\/v2\/media?parent=878"}],"curies":[{"name":"wp","href":"https:\/\/api.w.org\/{rel}","templated":true}]}}