{"id":849,"date":"2024-06-12T12:39:20","date_gmt":"2024-06-12T12:39:20","guid":{"rendered":"https:\/\/amianaresort.com\/?page_id=849"},"modified":"2025-06-17T16:16:48","modified_gmt":"2025-06-17T09:16:48","slug":"spa","status":"publish","type":"page","link":"https:\/\/amianaresort.com\/amianaresortnhatrang\/vi\/spa\/","title":{"rendered":"Spa v\u00e0 T\u1eafm B\u00f9n"},"content":{"rendered":"<p>Nha Trang v\u1ed1n n\u1ed5i ti\u1ebfng v\u1ec1 d\u1ecbch v\u1ee5 t\u1eafm b\u00f9n n\u00f3ng v\u00e0 c\u00e1c li\u1ec7u ph\u00e1p ch\u0103m s\u00f3c s\u1ee9c kh\u1ecfe. Nay th\u00e0nh ph\u1ed1 s\u1ebd c\u00f2n \u0111\u01b0\u1ee3c bi\u1ebft \u0111\u1ebfn nhi\u1ec1u h\u01a1n khi ch\u00fang t\u00f4i mang \u0111\u1ebfn h\u00e0ng lo\u1ea1t ph\u01b0\u01a1ng ph\u00e1p \u0111i\u1ec1u tr\u1ecb nh\u1eb9 nh\u00e0ng v\u00e0 th\u01b0 gi\u00e3n k\u1ebft h\u1ee3p t\u1eeb c\u00e1c li\u1ec7u ph\u00e1p truy\u1ec1n th\u1ed1ng c\u1ee7a ch\u00e2u \u00c1 v\u1edbi c\u00e1c ph\u01b0\u01a1ng ph\u00e1p khoa h\u1ecdc c\u1ee7a ch\u00e2u \u00c2u gi\u00fap spa c\u1ee7a ch\u00fang t\u00f4i v\u01b0\u1ee3t tr\u1ed9i h\u01a1n v\u1ec1 y\u1ebfu t\u1ed1 sang tr\u1ecdng v\u00e0 tinh t\u1ebf.<\/p>","protected":false},"excerpt":{"rendered":"<p>Nha Trang v\u1ed1n n\u1ed5i ti\u1ebfng v\u1ec1 d\u1ecbch v\u1ee5 t\u1eafm b\u00f9n n\u00f3ng v\u00e0 c\u00e1c li\u1ec7u ph\u00e1p ch\u0103m s\u00f3c s\u1ee9c kh\u1ecfe. Nay th\u00e0nh ph\u1ed1 s\u1ebd c\u00f2n \u0111\u01b0\u1ee3c bi\u1ebft \u0111\u1ebfn nhi\u1ec1u h\u01a1n khi ch\u00fang t\u00f4i mang \u0111\u1ebfn h\u00e0ng lo\u1ea1t ph\u01b0\u01a1ng ph\u00e1p \u0111i\u1ec1u tr\u1ecb nh\u1eb9 nh\u00e0ng v\u00e0 th\u01b0 gi\u00e3n k\u1ebft h\u1ee3p t\u1eeb c\u00e1c li\u1ec7u ph\u00e1p truy\u1ec1n th\u1ed1ng c\u1ee7a ch\u00e2u [&hellip;]<\/p>\n","protected":false},"author":1,"featured_media":0,"parent":0,"menu_order":0,"comment_status":"closed","ping_status":"closed","template":"","meta":{"footnotes":""},"class_list":["post-849","page","type-page","status-publish","hentry"],"_links":{"self":[{"href":"https:\/\/amianaresort.com\/amianaresortnhatrang\/vi\/wp-json\/wp\/v2\/pages\/849","targetHints":{"allow":["GET"]}}],"collection":[{"href":"https:\/\/amianaresort.com\/amianaresortnhatrang\/vi\/wp-json\/wp\/v2\/pages"}],"about":[{"href":"https:\/\/amianaresort.com\/amianaresortnhatrang\/vi\/wp-json\/wp\/v2\/types\/page"}],"author":[{"embeddable":true,"href":"https:\/\/amianaresort.com\/amianaresortnhatrang\/vi\/wp-json\/wp\/v2\/users\/1"}],"replies":[{"embeddable":true,"href":"https:\/\/amianaresort.com\/amianaresortnhatrang\/vi\/wp-json\/wp\/v2\/comments?post=849"}],"version-history":[{"count":10,"href":"https:\/\/amianaresort.com\/amianaresortnhatrang\/vi\/wp-json\/wp\/v2\/pages\/849\/revisions"}],"predecessor-version":[{"id":1743,"href":"https:\/\/amianaresort.com\/amianaresortnhatrang\/vi\/wp-json\/wp\/v2\/pages\/849\/revisions\/1743"}],"wp:attachment":[{"href":"https:\/\/amianaresort.com\/amianaresortnhatrang\/vi\/wp-json\/wp\/v2\/media?parent=849"}],"curies":[{"name":"wp","href":"https:\/\/api.w.org\/{rel}","templated":true}]}}