{"id":793,"date":"2024-06-12T08:58:28","date_gmt":"2024-06-12T08:58:28","guid":{"rendered":"https:\/\/amianaresort.com\/?page_id=793"},"modified":"2026-03-13T15:23:20","modified_gmt":"2026-03-13T08:23:20","slug":"weddings-events","status":"publish","type":"page","link":"https:\/\/amianaresort.com\/amianaresortnhatrang\/vi\/weddings-events\/","title":{"rendered":"\u1ea8m Th\u1ef1c &#038; S\u1ef1 Ki\u1ec7n"},"content":{"rendered":"<p>T\u1ea1i Amiana Resort Nha Trang, ch\u00fang t\u00f4i quan t\u00e2m \u0111\u1ebfn t\u1eebng b\u1eefa \u0103n c\u1ee7a qu\u00fd kh\u00e1ch. M\u1ed7i m\u00f3n \u0103n \u0111\u1ec1u \u0111\u01b0\u1ee3c tuy\u1ec3n ch\u1ecdn k\u1ef9 l\u01b0\u1ee1ng \u0111\u1ec3 \u0111\u00e1p \u1ee9ng nhu c\u1ea7u c\u1ee7a t\u1eebng th\u1ef1c kh\u00e1ch. Nh\u00e0 h\u00e0ng Barcaro ph\u1ee5c v\u1ee5 c\u1ea3 ng\u00e0y v\u1edbi th\u1ef1c \u0111\u01a1n \u0111a d\u1ea1ng b\u00ean c\u1ea1nh Lobby bar chuy\u00ean ph\u1ee5c v\u1ee5 c\u00e1c lo\u1ea1i cocktail ngon tuy\u1ec7t. Qu\u1ea7y bar t\u1ea1i h\u1ed3 b\u01a1i l\u00e0 \u0111\u1ecba \u0111i\u1ec3m l\u00fd t\u01b0\u1edfng \u0111\u1ec3 t\u1eadn h\u01b0\u1edfng ng\u00e0y \u00eam \u1ea3 gi\u1eefa l\u00e0n n\u01b0\u1edbc xanh trong tr\u01b0\u1edbc khi th\u01b0\u1edfng th\u1ee9c b\u1eefa t\u1ed1i ngon l\u00e0nh c\u00f9ng nh\u1eefng ng\u01b0\u1eddi th\u00e2n y\u00eau.<\/p>\n<p><strong>TRUNG T\u00c2M H\u1ed8I NGH\u1eca<\/strong><\/p>\n<p>Trung T\u00e2m H\u1ed9i Ngh\u1ecb Amiana Conference Centre (ACC) t\u1ef1 h\u00e0o l\u00e0 \u0111\u1ecba \u0111i\u1ec3m t\u1ed5 ch\u1ee9c h\u1ed9i ngh\u1ecb c\u00f3 v\u1ecb tr\u00ed v\u00e0 quang c\u1ea3nh \u0111\u1eb9p nh\u1ea5t t\u1ea1i Vi\u1ec7t Nam. \u0110\u1ea1i bi\u1ec3u v\u00e0 kh\u00e1ch tham d\u1ef1 s\u1ebd kh\u00f4ng kh\u1ecfi tr\u1ea7m tr\u1ed3 khi ng\u1eafm nh\u00ecn v\u1ebb \u0111\u1eb9p tuy\u1ec7t v\u1eddi c\u1ee7a v\u1ecbnh bi\u1ec3n Nha Trang v\u00e0 \u0111\u01b0\u1eddng ch\u00e2n tr\u1eddi c\u1ee7a th\u00e0nh ph\u1ed1 ph\u00eda xa xa. Qu\u00fd kh\u00e1ch c\u0169ng c\u00f3 th\u1ec3 \u0111\u00f3n nh\u1eefng l\u00e0n gi\u00f3 bi\u1ec3n l\u1ed3ng l\u1ed9ng th\u1ed5i v\u00e0o t\u1eeb khu v\u1ef1c s\u1ea3nh ch\u1edd Ocean Terrace v\u00e0 Ocean Wooden Deck \u0111\u01b0\u1ee3c d\u00f9ng \u0111\u1ec3 ph\u1ee5c v\u1ee5 ti\u1ec7c cocktail, gi\u1ea3i kh\u00e1t gi\u1eefa gi\u1edd, ti\u1ec7c n\u01b0\u1edbng v\u00e0 c\u00e1c s\u1ef1 ki\u1ec7n kh\u00e1c.<\/p>","protected":false},"excerpt":{"rendered":"<p>T\u1ea1i Amiana Resort Nha Trang, ch\u00fang t\u00f4i quan t\u00e2m \u0111\u1ebfn t\u1eebng b\u1eefa \u0103n c\u1ee7a qu\u00fd kh\u00e1ch. M\u1ed7i m\u00f3n \u0103n \u0111\u1ec1u \u0111\u01b0\u1ee3c tuy\u1ec3n ch\u1ecdn k\u1ef9 l\u01b0\u1ee1ng \u0111\u1ec3 \u0111\u00e1p \u1ee9ng nhu c\u1ea7u c\u1ee7a t\u1eebng th\u1ef1c kh\u00e1ch. Nh\u00e0 h\u00e0ng Barcaro ph\u1ee5c v\u1ee5 c\u1ea3 ng\u00e0y v\u1edbi th\u1ef1c \u0111\u01a1n \u0111a d\u1ea1ng b\u00ean c\u1ea1nh Lobby bar chuy\u00ean ph\u1ee5c v\u1ee5 c\u00e1c lo\u1ea1i [&hellip;]<\/p>\n","protected":false},"author":1,"featured_media":0,"parent":0,"menu_order":0,"comment_status":"closed","ping_status":"closed","template":"","meta":{"footnotes":""},"class_list":["post-793","page","type-page","status-publish","hentry"],"_links":{"self":[{"href":"https:\/\/amianaresort.com\/amianaresortnhatrang\/vi\/wp-json\/wp\/v2\/pages\/793","targetHints":{"allow":["GET"]}}],"collection":[{"href":"https:\/\/amianaresort.com\/amianaresortnhatrang\/vi\/wp-json\/wp\/v2\/pages"}],"about":[{"href":"https:\/\/amianaresort.com\/amianaresortnhatrang\/vi\/wp-json\/wp\/v2\/types\/page"}],"author":[{"embeddable":true,"href":"https:\/\/amianaresort.com\/amianaresortnhatrang\/vi\/wp-json\/wp\/v2\/users\/1"}],"replies":[{"embeddable":true,"href":"https:\/\/amianaresort.com\/amianaresortnhatrang\/vi\/wp-json\/wp\/v2\/comments?post=793"}],"version-history":[{"count":43,"href":"https:\/\/amianaresort.com\/amianaresortnhatrang\/vi\/wp-json\/wp\/v2\/pages\/793\/revisions"}],"predecessor-version":[{"id":2071,"href":"https:\/\/amianaresort.com\/amianaresortnhatrang\/vi\/wp-json\/wp\/v2\/pages\/793\/revisions\/2071"}],"wp:attachment":[{"href":"https:\/\/amianaresort.com\/amianaresortnhatrang\/vi\/wp-json\/wp\/v2\/media?parent=793"}],"curies":[{"name":"wp","href":"https:\/\/api.w.org\/{rel}","templated":true}]}}