{"id":487,"date":"2024-06-07T08:18:26","date_gmt":"2024-06-07T08:18:26","guid":{"rendered":"https:\/\/amianaresort.com\/?page_id=487"},"modified":"2026-04-07T12:00:52","modified_gmt":"2026-04-07T05:00:52","slug":"about","status":"publish","type":"page","link":"https:\/\/amianaresort.com\/amianaresortnhatrang\/vi\/about\/","title":{"rendered":"Gi\u1edbi Thi\u1ec7u"},"content":{"rendered":"<p>M\u1edf c\u1eeda \u0111\u00f3n nh\u1eefng du kh\u00e1ch \u0111\u1ea7u ti\u00ean v\u00e0o th\u00e1ng T\u01b0 n\u0103m 2013, Amiana Resort Nha Trang bao g\u1ed3m Amiana Deluxe Collection v\u00e0 Amiana Villa Collection v\u1edbi 95 ph\u00f2ng v\u00e0 153 bi\u1ec7t th\u1ef1 r\u1ed9ng r\u00e3i v\u1edbi t\u1ea7m nh\u00ecn h\u01b0\u1edbng v\u01b0\u1eddn ho\u1eb7c h\u01b0\u1edbng bi\u1ec3n, v\u00e0 ban-c\u00f4ng ho\u1eb7c s\u00e2n hi\u00ean ri\u00eang t\u01b0, m\u1ed9t b\u1ec3 b\u01a1i n\u01b0\u1edbc m\u1eb7n t\u1ef1 nhi\u00ean r\u1ed9ng 2.500m2, 2 h\u1ed3 b\u01a1i b\u1ed1n m\u00f9a r\u1ed9ng 600m2 v\u00e0 700m2, m\u1ed9t b\u00e3i bi\u1ec3n ri\u00eang v\u1edbi l\u1edbp c\u00e1t tr\u1eafng m\u1ecbn thoai tho\u1ea3i d\u1eabn xu\u1ed1ng l\u00e0n n\u01b0\u1edbc \u0111\u1ea1i d\u01b0\u01a1ng trong xanh.<\/p>\n<p>H\u00e3y \u0111\u1ebfn \u0111\u00e2y, b\u1ea1n s\u1ebd t\u00ecm th\u1ea5y m\u1ed9t thi\u00ean \u0111\u01b0\u1eddng ri\u00eang d\u00e0nh cho ch\u00ednh b\u1ea1n!<\/p>","protected":false},"excerpt":{"rendered":"<p>M\u1edf c\u1eeda \u0111\u00f3n nh\u1eefng du kh\u00e1ch \u0111\u1ea7u ti\u00ean v\u00e0o th\u00e1ng T\u01b0 n\u0103m 2013, Amiana Resort Nha Trang bao g\u1ed3m Amiana Deluxe Collection v\u00e0 Amiana Villa Collection v\u1edbi 95 ph\u00f2ng v\u00e0 153 bi\u1ec7t th\u1ef1 r\u1ed9ng r\u00e3i v\u1edbi t\u1ea7m nh\u00ecn h\u01b0\u1edbng v\u01b0\u1eddn ho\u1eb7c h\u01b0\u1edbng bi\u1ec3n, v\u00e0 ban-c\u00f4ng ho\u1eb7c s\u00e2n hi\u00ean ri\u00eang t\u01b0, m\u1ed9t b\u1ec3 b\u01a1i n\u01b0\u1edbc m\u1eb7n [&hellip;]<\/p>\n","protected":false},"author":1,"featured_media":0,"parent":0,"menu_order":0,"comment_status":"closed","ping_status":"closed","template":"","meta":{"footnotes":""},"class_list":["post-487","page","type-page","status-publish","hentry"],"_links":{"self":[{"href":"https:\/\/amianaresort.com\/amianaresortnhatrang\/vi\/wp-json\/wp\/v2\/pages\/487","targetHints":{"allow":["GET"]}}],"collection":[{"href":"https:\/\/amianaresort.com\/amianaresortnhatrang\/vi\/wp-json\/wp\/v2\/pages"}],"about":[{"href":"https:\/\/amianaresort.com\/amianaresortnhatrang\/vi\/wp-json\/wp\/v2\/types\/page"}],"author":[{"embeddable":true,"href":"https:\/\/amianaresort.com\/amianaresortnhatrang\/vi\/wp-json\/wp\/v2\/users\/1"}],"replies":[{"embeddable":true,"href":"https:\/\/amianaresort.com\/amianaresortnhatrang\/vi\/wp-json\/wp\/v2\/comments?post=487"}],"version-history":[{"count":24,"href":"https:\/\/amianaresort.com\/amianaresortnhatrang\/vi\/wp-json\/wp\/v2\/pages\/487\/revisions"}],"predecessor-version":[{"id":2186,"href":"https:\/\/amianaresort.com\/amianaresortnhatrang\/vi\/wp-json\/wp\/v2\/pages\/487\/revisions\/2186"}],"wp:attachment":[{"href":"https:\/\/amianaresort.com\/amianaresortnhatrang\/vi\/wp-json\/wp\/v2\/media?parent=487"}],"curies":[{"name":"wp","href":"https:\/\/api.w.org\/{rel}","templated":true}]}}