{"id":487,"date":"2024-06-07T08:18:26","date_gmt":"2024-06-07T08:18:26","guid":{"rendered":"https:\/\/amianaresortcamranh.comcamranh\/?page_id=487"},"modified":"2026-04-13T13:53:10","modified_gmt":"2026-04-13T06:53:10","slug":"about","status":"publish","type":"page","link":"https:\/\/amianaresort.com\/amianaresortcamranh\/about\/","title":{"rendered":"About us"},"content":{"rendered":"<p><strong>A Seaside Paradise on Bai Dai Beach<\/strong><\/p>\n<p><span style=\"font-size: 10pt;\">Nestled along the stunning shores of B\u00e3i D\u00e0i Beach in Cam L\u00e2m District, Kh\u00e1nh H\u00f2a Province, Amiana Resort Cam Ranh is a luxurious sanctuary offering the perfect blend of privacy and tranquility for those seeking an exclusive retreat amidst nature\u2019s tropical beauty.<\/span><\/p>\n<p><span style=\"font-size: 10pt;\">The resort takes pride in featuring Cam Ranh\u2019s first-ever seawater swimming pool, an expansive 5,000m\u00b2 oasis of relaxation.<\/span><\/p>\n<p><span style=\"font-size: 10pt;\">Designed with an advanced hydraulic system, it seamlessly integrates hot and cold pools, along with a dedicated heated pool for children, creating an unparalleled wellness experience that caters to every guest\u2019s desire for indulgence and serenity.<\/span><\/p>","protected":false},"excerpt":{"rendered":"<p>A Seaside Paradise on Bai Dai Beach Nestled along the stunning shores of B\u00e3i D\u00e0i Beach in Cam L\u00e2m District, Kh\u00e1nh H\u00f2a Province, Amiana Resort Cam Ranh is a luxurious sanctuary offering the perfect blend of privacy and tranquility for those seeking an exclusive retreat amidst nature\u2019s tropical beauty. The resort takes pride in featuring [&hellip;]<\/p>\n","protected":false},"author":1,"featured_media":0,"parent":0,"menu_order":0,"comment_status":"closed","ping_status":"closed","template":"","meta":{"_acf_changed":false,"footnotes":""},"class_list":["post-487","page","type-page","status-publish","hentry"],"acf":[],"_links":{"self":[{"href":"https:\/\/amianaresort.com\/amianaresortcamranh\/wp-json\/wp\/v2\/pages\/487","targetHints":{"allow":["GET"]}}],"collection":[{"href":"https:\/\/amianaresort.com\/amianaresortcamranh\/wp-json\/wp\/v2\/pages"}],"about":[{"href":"https:\/\/amianaresort.com\/amianaresortcamranh\/wp-json\/wp\/v2\/types\/page"}],"author":[{"embeddable":true,"href":"https:\/\/amianaresort.com\/amianaresortcamranh\/wp-json\/wp\/v2\/users\/1"}],"replies":[{"embeddable":true,"href":"https:\/\/amianaresort.com\/amianaresortcamranh\/wp-json\/wp\/v2\/comments?post=487"}],"version-history":[{"count":75,"href":"https:\/\/amianaresort.com\/amianaresortcamranh\/wp-json\/wp\/v2\/pages\/487\/revisions"}],"predecessor-version":[{"id":2618,"href":"https:\/\/amianaresort.com\/amianaresortcamranh\/wp-json\/wp\/v2\/pages\/487\/revisions\/2618"}],"wp:attachment":[{"href":"https:\/\/amianaresort.com\/amianaresortcamranh\/wp-json\/wp\/v2\/media?parent=487"}],"curies":[{"name":"wp","href":"https:\/\/api.w.org\/{rel}","templated":true}]}}